{"id":3,"date":"2019-06-08T11:35:23","date_gmt":"2019-06-08T09:35:23","guid":{"rendered":"https:\/\/www.nobeluhren-store.de\/blog\/?page_id=3"},"modified":"2025-12-30T13:45:49","modified_gmt":"2025-12-30T12:45:49","slug":"datenschutz","status":"publish","type":"page","link":"https:\/\/www.nobeluhren-store.de\/blog\/datenschutz\/","title":{"rendered":"Datenschutz"},"content":{"rendered":"\n1. Verantwortlicher f\u00fcr die Verarbeitung der Daten ist Holger Michels, J\u00e4gerweg 2a, 85667 Oberpframmern, Email info (at) nobeluhren-store.de\n<br><br>\n2. Ich erhebe und speichere personenbezogene Daten und verwende sie wie folgt:\n<br><br>\nBeim Aufrufen meiner Website werden durch den auf Ihrem Endger\u00e4t zum Einsatz kommenden Browser automatisch Informationen an den Server meiner Website gesendet. Diese Informationen werden tempor\u00e4r in einem so genannten Logfile gespeichert. Folgende Informationen werden dabei ohne Ihr Zutun erfasst und bis zur automatisierten L\u00f6schung gespeichert:<br>\n\u2022 Der Name der abgerufenen Datei<br>\n\u2022 Das Datum und die Uhrzeit des Abrufs<br>\n\u2022 Die \u00fcbertragene Datenmenge<br>\n\u2022 Eine Meldung, ob der Abruf erfolgreich war<br>\n\u2022 Eine Beschreibung des Typs des verwendeten Webbrowsers und des verwendeten Betriebssystems<br>\n\u2022 Die zuvor besuchte Seite<br>\n\u2022 Der Internet-Provider<br>\n\u2022 Ihre IP-Adresse<br><br>\nDie genannten Daten werden zu folgenden Zwecken verarbeitet:<br>\n\u2022 Zur Gew\u00e4hrleistung eines reibungslosen Verbindungsaufbaus der Website,<br>\n\u2022 zur Gew\u00e4hrleistung einer komfortablen Nutzung der Website,<br>\n\u2022 zur Auswertung der Systemsicherheit und -stabilit\u00e4t sowie<br>\n\u2022 zu weiteren administrativen Zwecken.<br>\nDie Rechtsgrundlage f\u00fcr die Datenverarbeitung ist Art. 6 Abs. 1 lit. f) DSGVO. Das berechtigte Interesse folgt aus oben aufgelisteten Zwecken zur Datenerhebung. In keinem Fall verwende ich die erhobenen Daten zu dem Zweck, R\u00fcckschl\u00fcsse auf Ihre Person zu ziehen.<br>\n<br>\nBei Nutzung des Kontaktformulars<br>\nBei Fragen jeglicher Art biete ich Ihnen die M\u00f6glichkeit, mit mir \u00fcber ein auf der Website bereitgestelltes Formular Kontakt aufzunehmen. Dabei ist die Angabe einer g\u00fcltigen Email-Adresse erforderlich, damit ich wei\u00df, von wem die Anfrage stammt und um diese beantworten zu k\u00f6nnen. Weitere Angaben k\u00f6nnen freiwillig get\u00e4tigt werden.<br>\nDie Datenverarbeitung zum Zwecke der Kontaktaufnahme mit mir erfolgt nach Art. 6 Abs. 1 lit. a) DSGVO auf Grundlage Ihrer freiwillig erteilten Einwilligung.<br>\nDie f\u00fcr die Benutzung des Kontaktformulars von mir erhobenen personenbezogenen Daten werden nach Erledigung der von Ihnen gestellten Anfrage automatisch gel\u00f6scht.<br>\n<br>\nDar\u00fcber hinaus setze ich auf meiner Website Cookies und Analysedienste ein. N\u00e4here Erl\u00e4uterungen dazu erhalten Sie unter den Ziffern 4 und 5 dieser Datenschutzerkl\u00e4rung.<br>\n<br>\n3. Weitergabe von Daten<br>\nEine Weitergabe Ihrer pers\u00f6nlichen Daten an Dritte zu anderen als den im Folgenden aufgef\u00fchrten Zwecken findet nicht statt.<br>\nIch gebe Ihre pers\u00f6nlichen Daten nur an Dritte weiter, wenn:<br>\n\u2022 Sie Ihre ausdr\u00fcckliche Einwilligung nach Art. 6 Abs. 1 lit. a) DSGVO dazu erteilt haben,<br>\n\u2022 die Weitergabe nach Art. 6 Abs. 1 lit. f) DSGVO erforderlich ist und kein Grund zur Annahme besteht, dass Sie ein \u00fcberwiegendes schutzw\u00fcrdiges Interesse an der Nichtweitergabe Ihrer Daten haben,<br>\n\u2022 f\u00fcr den Fall, dass f\u00fcr die Weitergabe nach Art. 6 Abs. 1 lit. c) DSGVO eine gesetzliche Verpflichtung besteht, sowie<br>\n\u2022 dies gesetzlich zul\u00e4ssig und nach Art. 6 Abs. 1 lit. b) DSGVO f\u00fcr die Abwicklung von Vertragsverh\u00e4ltnissen mit Ihnen erforderlich ist.<br>\n<br>\n4. Cookies<br>\nIch setze in einigen Bereichen meiner Website sogenannte Cookies ein. Durch solche Dateielemente kann Ihr Computer als technische Einheit w\u00e4hrend Ihres Besuchs auf dieser Webseite identifiziert werden, um Ihnen die Verwendung des Angebotes &#8211; auch bei Wiederholungsbesuchen &#8211; zu erleichtern. Sie haben aber in der Regel die M\u00f6glichkeit, Ihren Internetbrowser so einzustellen, dass Sie \u00fcber das Auftreten von Cookies informiert werden, so dass Sie diese zulassen oder ausschlie\u00dfen beziehungsweise bereits vorhandene Cookies l\u00f6schen k\u00f6nnen. Bitte verwenden Sie die Hilfefunktion Ihres Internetbrowsers, um Informationen zu der \u00c4nderung dieser Einstellungen zu erlangen. Ich weise darauf hin, dass einzelne Funktionen meiner Website m\u00f6glicherweise nicht funktionieren, wenn Sie die Verwendung von Cookies deaktiviert haben.<br>\nDer Einsatz von Cookies wird auf Art. 6 Abs. 1 lit. f) DSGVO gest\u00fctzt: Die Verarbeitung erfolgt zur Verbesserung der Funktionsweise meiner Website. Sie ist daher zur Wahrung meiner berechtigten Interessen erforderlich.\nCookies erlauben nicht, dass ein Server private Daten von Ihrem Computer oder die von einem anderen Server abgelegten Daten lesen kann. Sie richten auf Ihrem Rechner keinen Schaden an und enthalten keine Viren.\n<br><br>\n5. Verwendung von Google Analytics<br>\nIch benutze Google Analytics, einen Webanalysedienst der Google Inc., 1600 Amphitheatre Parkway, Mountain View, CA 94043, USA. Google Analytics verwendet sog. &#8222;Cookies&#8220;, Textdateien, die auf Ihrem Computer gespeichert werden und die eine Analyse der Benutzung der Webseite durch sie erm\u00f6glichen. Die durch den Cookie erzeugten Informationen \u00fcber Ihre Benutzung dieser Webseite werden in der Regel an einen Server von Google in den USA \u00fcbertragen und dort gespeichert. Im Falle der Aktivierung der IP-Anonymisierung auf dieser Website wird Ihre IP-Adresse von Google jedoch innerhalb von Mitgliedstaaten der Europ\u00e4ischen Union oder in anderen Vertragsstaaten des Abkommens \u00fcber den Europ\u00e4ischen Wirtschaftsraum zuvor gek\u00fcrzt. Nur in Ausnahmef\u00e4llen wird die volle IP-Adresse an einen Server von Google in den USA \u00fcbertragen und dort gek\u00fcrzt. In meinem Auftrag wird Google diese Informationen benutzen, um Ihre Nutzung der Website auszuwerten, um Reports \u00fcber die Websitaktivit\u00e4ten zusammenzustellen und um weitere mit der Websitenutzung und der Internetnutzung verbundene Dienstleistungen mir gegen\u00fcber zu erbringen. Die im Rahmen von Google Analytics von Ihrem Browser \u00fcbermittelte IP-Adresse wird nicht mit anderen Daten von Google zusammengef\u00fchrt. Sie k\u00f6nnen die Speicherung der Cookies durch eine entsprechende Einstellung Ihrer Browser-Software verhindern; ich weise jedoch darauf hin, dass Sie in diesem Fall gegebenenfalls nicht s\u00e4mtliche Funktionen dieser Webseite vollumf\u00e4nglich werden nutzen k\u00f6nnen. Sie k\u00f6nnen dar\u00fcber hinaus die Erfassung der durch das Cookie erzeugten und auf Ihre Nutzung der Webseite bezogenen Daten (inkl. Ihrer IP-Adresse) an Google sowie die Verarbeitung dieser Daten durch Google verhindern, indem Sie das unter diesem Link verf\u00fcgbare Browser-Plugin herunterladen und installieren. Ich weise darauf hin, dass auf dieser Website Google Analytics um den Code \u201egat._anonymizeIp();\u201c erweitert wurde, um eine anonymisierte Erfassung von IP-Adressen (sog. IP-Masking) zu gew\u00e4hrleisten. Zudem k\u00f6nnen Sie eine Erfassung von Google Analytics durch einen Klick auf den folgenden Link verhindern. Es wird sodann ein Opt-out-Cookie gesetzt, der die weitere Erfassung Ihrer Daten beim Besuch dieser Website verhindert. Dieses Vorgehen empfiehlt sich insbesondere bei einem Zugriff auf meine Seite \u00fcber mobile Endger\u00e4te. N\u00e4here Informationen zu Nutzungsbedingungen und Datenschutz finden Sie unter <a href=\"https:\/\/www.google.com\/analytics\/terms\/de.html\">www.google.com\/analytics\/terms\/de.html<\/a> bzw. unter <a href=\"https:\/\/www.google.com\/intl\/de\/analytics\/privacyoverview.html\">www.google.com\/intl\/de\/analytics\/privacyoverview.html<\/a>.\nIch st\u00fctze den Einsatz des vorgenannten Analyse-Tools auf Art. 6 Abs. 1 lit. f) DSGVO: Die Verarbeitung erfolgt zur Analyse des Nutzungsverhaltens und ist daher zur Wahrung meiner berechtigten Interessen erforderlich.\n<br><br>\n6. Ihre Rechte<br>\nIhnen stehen die nachfolgenden Betroffenenrechte zu:<br>\na) Auskunftsrecht: Sie haben das Recht, von mir eine Best\u00e4tigung dar\u00fcber zu verlangen, ob ich personenbezogene Daten von Ihnen verarbeite.<br>\nb) Berichtigung\/L\u00f6schung\/Einschr\u00e4nkung der Verarbeitung: Weiter haben Sie das Recht, von mir zu verlangen, dass<br>\n\u2022 unrichtige personenbezogene Daten von Ihnen unverz\u00fcglich berichtigt werden (Recht auf Berichtigung),<br>\n\u2022 personenbezogene Daten von Ihnen unverz\u00fcglich gel\u00f6scht werden (Recht auf L\u00f6schung) und<br>\n\u2022 die Verarbeitung eingeschr\u00e4nkt wird (Recht auf Einschr\u00e4nken der Verarbeitung).<br>\nc) Recht auf Daten\u00fcbertragbarkeit: Sie haben das Recht, personenbezogene Daten von Ihnen, die Sie mir bereitgestellt haben, in einem strukturierten, g\u00e4ngigen und maschinenlesbaren Format zu erhalten und diese Daten einem anderen Verantwortlichen zu \u00fcbermitteln.<br>\nd) Widerrufsrecht: Sie haben das Recht, Ihre Einwilligung jederzeit zu widerrufen. Durch den Widerruf der Einwilligung wird die Rechtm\u00e4\u00dfigkeit der auf Grund der Einwilligung bis zum Widerruf erfolgten Verarbeitung nicht ber\u00fchrt.<br>\ne) Widerspruchsrecht: Ist die Verarbeitung personenbezogener Daten von Ihnen f\u00fcr die Wahrnehmung einer Aufgabe, die der Wahrung meiner berechtigten Interessen (Art. 6 Abs. 1 lit. f) DSGVO) erforderlich, steht Ihnen ein Widerspruchsrecht zu.<br>\nf) Beschwerderecht: Sind Sie der Ansicht, dass die Verarbeitung Ihrer personenbezogenen Daten gegen die DSGVO verst\u00f6\u00dft, haben Sie unbeschadet anderweitiger Rechtsbehelfe das Recht auf Beschwerde bei einer Aufsichtsbeh\u00f6rde.<br>\n","protected":false},"excerpt":{"rendered":"<p>1. Verantwortlicher f\u00fcr die Verarbeitung der Daten ist Holger Michels, J\u00e4gerweg 2a, 85667 Oberpframmern, Email info (at) nobeluhren-store.de 2. Ich erhebe und speichere personenbezogene Daten und verwende sie wie folgt: Beim Aufrufen meiner Website werden durch den auf Ihrem Endger\u00e4t zum Einsatz kommenden Browser automatisch Informationen an den Server meiner Website gesendet. Diese Informationen werden&hellip;<\/p>\n","protected":false},"author":1,"featured_media":0,"parent":0,"menu_order":999,"comment_status":"closed","ping_status":"open","template":"","meta":{"footnotes":""},"class_list":["post-3","page","type-page","status-publish","hentry"],"yoast_head":"<!-- This site is optimized with the Yoast SEO plugin v26.6 - https:\/\/yoast.com\/wordpress\/plugins\/seo\/ -->\n<title>Datenschutz - Gebrauchte Luxusuhren<\/title>\n<meta name=\"robots\" content=\"index, follow, max-snippet:-1, max-image-preview:large, max-video-preview:-1\" \/>\n<link rel=\"canonical\" href=\"https:\/\/www.nobeluhren-store.de\/blog\/datenschutz\/\" \/>\n<meta property=\"og:locale\" content=\"de_DE\" \/>\n<meta property=\"og:type\" content=\"article\" \/>\n<meta property=\"og:title\" content=\"Datenschutz - Gebrauchte Luxusuhren\" \/>\n<meta property=\"og:description\" content=\"1. Verantwortlicher f\u00fcr die Verarbeitung der Daten ist Holger Michels, J\u00e4gerweg 2a, 85667 Oberpframmern, Email info (at) nobeluhren-store.de 2. Ich erhebe und speichere personenbezogene Daten und verwende sie wie folgt: Beim Aufrufen meiner Website werden durch den auf Ihrem Endger\u00e4t zum Einsatz kommenden Browser automatisch Informationen an den Server meiner Website gesendet. Diese Informationen werden&hellip;\" \/>\n<meta property=\"og:url\" content=\"https:\/\/www.nobeluhren-store.de\/blog\/datenschutz\/\" \/>\n<meta property=\"og:site_name\" content=\"Gebrauchte Luxusuhren\" \/>\n<meta property=\"article:modified_time\" content=\"2025-12-30T12:45:49+00:00\" \/>\n<meta property=\"og:image\" content=\"https:\/\/www.nobeluhren-store.de\/blog\/wp-content\/uploads\/2024\/06\/nobeluhrenstore_vorschau_website.jpg\" \/>\n\t<meta property=\"og:image:width\" content=\"1200\" \/>\n\t<meta property=\"og:image:height\" content=\"675\" \/>\n\t<meta property=\"og:image:type\" content=\"image\/jpeg\" \/>\n<meta name=\"twitter:card\" content=\"summary_large_image\" \/>\n<meta name=\"twitter:label1\" content=\"Gesch\u00e4tzte Lesezeit\" \/>\n\t<meta name=\"twitter:data1\" content=\"7\u00a0Minuten\" \/>\n<script type=\"application\/ld+json\" class=\"yoast-schema-graph\">{\"@context\":\"https:\/\/schema.org\",\"@graph\":[{\"@type\":\"WebPage\",\"@id\":\"https:\/\/www.nobeluhren-store.de\/blog\/datenschutz\/\",\"url\":\"https:\/\/www.nobeluhren-store.de\/blog\/datenschutz\/\",\"name\":\"Datenschutz - Gebrauchte Luxusuhren\",\"isPartOf\":{\"@id\":\"https:\/\/www.nobeluhren-store.de\/blog\/#website\"},\"datePublished\":\"2019-06-08T09:35:23+00:00\",\"dateModified\":\"2025-12-30T12:45:49+00:00\",\"breadcrumb\":{\"@id\":\"https:\/\/www.nobeluhren-store.de\/blog\/datenschutz\/#breadcrumb\"},\"inLanguage\":\"de\",\"potentialAction\":[{\"@type\":\"ReadAction\",\"target\":[\"https:\/\/www.nobeluhren-store.de\/blog\/datenschutz\/\"]}]},{\"@type\":\"BreadcrumbList\",\"@id\":\"https:\/\/www.nobeluhren-store.de\/blog\/datenschutz\/#breadcrumb\",\"itemListElement\":[{\"@type\":\"ListItem\",\"position\":1,\"name\":\"Startseite\",\"item\":\"https:\/\/www.nobeluhren-store.de\/blog\/\"},{\"@type\":\"ListItem\",\"position\":2,\"name\":\"Datenschutz\"}]},{\"@type\":\"WebSite\",\"@id\":\"https:\/\/www.nobeluhren-store.de\/blog\/#website\",\"url\":\"https:\/\/www.nobeluhren-store.de\/blog\/\",\"name\":\"Gebrauchte Luxusuhren von Rolex, Patek Philippe und weiteren Marken\",\"description\":\"Luxusuhren und Accessoires\",\"publisher\":{\"@id\":\"https:\/\/www.nobeluhren-store.de\/blog\/#organization\"},\"potentialAction\":[{\"@type\":\"SearchAction\",\"target\":{\"@type\":\"EntryPoint\",\"urlTemplate\":\"https:\/\/www.nobeluhren-store.de\/blog\/?s={search_term_string}\"},\"query-input\":{\"@type\":\"PropertyValueSpecification\",\"valueRequired\":true,\"valueName\":\"search_term_string\"}}],\"inLanguage\":\"de\"},{\"@type\":\"Organization\",\"@id\":\"https:\/\/www.nobeluhren-store.de\/blog\/#organization\",\"name\":\"Gebrauchte Luxusuhren von Rolex, Patek Philippe und weiteren Marken\",\"url\":\"https:\/\/www.nobeluhren-store.de\/blog\/\",\"logo\":{\"@type\":\"ImageObject\",\"inLanguage\":\"de\",\"@id\":\"https:\/\/www.nobeluhren-store.de\/blog\/#\/schema\/logo\/image\/\",\"url\":\"https:\/\/www.nobeluhren-store.de\/blog\/wp-content\/uploads\/2019\/06\/nus_logo_zusammen.png\",\"contentUrl\":\"https:\/\/www.nobeluhren-store.de\/blog\/wp-content\/uploads\/2019\/06\/nus_logo_zusammen.png\",\"width\":264,\"height\":50,\"caption\":\"Gebrauchte Luxusuhren von Rolex, Patek Philippe und weiteren Marken\"},\"image\":{\"@id\":\"https:\/\/www.nobeluhren-store.de\/blog\/#\/schema\/logo\/image\/\"}}]}<\/script>\n<!-- \/ Yoast SEO plugin. -->","yoast_head_json":{"title":"Datenschutz - Gebrauchte Luxusuhren","robots":{"index":"index","follow":"follow","max-snippet":"max-snippet:-1","max-image-preview":"max-image-preview:large","max-video-preview":"max-video-preview:-1"},"canonical":"https:\/\/www.nobeluhren-store.de\/blog\/datenschutz\/","og_locale":"de_DE","og_type":"article","og_title":"Datenschutz - Gebrauchte Luxusuhren","og_description":"1. Verantwortlicher f\u00fcr die Verarbeitung der Daten ist Holger Michels, J\u00e4gerweg 2a, 85667 Oberpframmern, Email info (at) nobeluhren-store.de 2. Ich erhebe und speichere personenbezogene Daten und verwende sie wie folgt: Beim Aufrufen meiner Website werden durch den auf Ihrem Endger\u00e4t zum Einsatz kommenden Browser automatisch Informationen an den Server meiner Website gesendet. Diese Informationen werden&hellip;","og_url":"https:\/\/www.nobeluhren-store.de\/blog\/datenschutz\/","og_site_name":"Gebrauchte Luxusuhren","article_modified_time":"2025-12-30T12:45:49+00:00","og_image":[{"width":1200,"height":675,"url":"https:\/\/www.nobeluhren-store.de\/blog\/wp-content\/uploads\/2024\/06\/nobeluhrenstore_vorschau_website.jpg","type":"image\/jpeg"}],"twitter_card":"summary_large_image","twitter_misc":{"Gesch\u00e4tzte Lesezeit":"7\u00a0Minuten"},"schema":{"@context":"https:\/\/schema.org","@graph":[{"@type":"WebPage","@id":"https:\/\/www.nobeluhren-store.de\/blog\/datenschutz\/","url":"https:\/\/www.nobeluhren-store.de\/blog\/datenschutz\/","name":"Datenschutz - Gebrauchte Luxusuhren","isPartOf":{"@id":"https:\/\/www.nobeluhren-store.de\/blog\/#website"},"datePublished":"2019-06-08T09:35:23+00:00","dateModified":"2025-12-30T12:45:49+00:00","breadcrumb":{"@id":"https:\/\/www.nobeluhren-store.de\/blog\/datenschutz\/#breadcrumb"},"inLanguage":"de","potentialAction":[{"@type":"ReadAction","target":["https:\/\/www.nobeluhren-store.de\/blog\/datenschutz\/"]}]},{"@type":"BreadcrumbList","@id":"https:\/\/www.nobeluhren-store.de\/blog\/datenschutz\/#breadcrumb","itemListElement":[{"@type":"ListItem","position":1,"name":"Startseite","item":"https:\/\/www.nobeluhren-store.de\/blog\/"},{"@type":"ListItem","position":2,"name":"Datenschutz"}]},{"@type":"WebSite","@id":"https:\/\/www.nobeluhren-store.de\/blog\/#website","url":"https:\/\/www.nobeluhren-store.de\/blog\/","name":"Gebrauchte Luxusuhren von Rolex, Patek Philippe und weiteren Marken","description":"Luxusuhren und Accessoires","publisher":{"@id":"https:\/\/www.nobeluhren-store.de\/blog\/#organization"},"potentialAction":[{"@type":"SearchAction","target":{"@type":"EntryPoint","urlTemplate":"https:\/\/www.nobeluhren-store.de\/blog\/?s={search_term_string}"},"query-input":{"@type":"PropertyValueSpecification","valueRequired":true,"valueName":"search_term_string"}}],"inLanguage":"de"},{"@type":"Organization","@id":"https:\/\/www.nobeluhren-store.de\/blog\/#organization","name":"Gebrauchte Luxusuhren von Rolex, Patek Philippe und weiteren Marken","url":"https:\/\/www.nobeluhren-store.de\/blog\/","logo":{"@type":"ImageObject","inLanguage":"de","@id":"https:\/\/www.nobeluhren-store.de\/blog\/#\/schema\/logo\/image\/","url":"https:\/\/www.nobeluhren-store.de\/blog\/wp-content\/uploads\/2019\/06\/nus_logo_zusammen.png","contentUrl":"https:\/\/www.nobeluhren-store.de\/blog\/wp-content\/uploads\/2019\/06\/nus_logo_zusammen.png","width":264,"height":50,"caption":"Gebrauchte Luxusuhren von Rolex, Patek Philippe und weiteren Marken"},"image":{"@id":"https:\/\/www.nobeluhren-store.de\/blog\/#\/schema\/logo\/image\/"}}]}},"_links":{"self":[{"href":"https:\/\/www.nobeluhren-store.de\/blog\/wp-json\/wp\/v2\/pages\/3","targetHints":{"allow":["GET"]}}],"collection":[{"href":"https:\/\/www.nobeluhren-store.de\/blog\/wp-json\/wp\/v2\/pages"}],"about":[{"href":"https:\/\/www.nobeluhren-store.de\/blog\/wp-json\/wp\/v2\/types\/page"}],"author":[{"embeddable":true,"href":"https:\/\/www.nobeluhren-store.de\/blog\/wp-json\/wp\/v2\/users\/1"}],"replies":[{"embeddable":true,"href":"https:\/\/www.nobeluhren-store.de\/blog\/wp-json\/wp\/v2\/comments?post=3"}],"version-history":[{"count":3,"href":"https:\/\/www.nobeluhren-store.de\/blog\/wp-json\/wp\/v2\/pages\/3\/revisions"}],"predecessor-version":[{"id":222,"href":"https:\/\/www.nobeluhren-store.de\/blog\/wp-json\/wp\/v2\/pages\/3\/revisions\/222"}],"wp:attachment":[{"href":"https:\/\/www.nobeluhren-store.de\/blog\/wp-json\/wp\/v2\/media?parent=3"}],"curies":[{"name":"wp","href":"https:\/\/api.w.org\/{rel}","templated":true}]}}